{"id":2285,"date":"2023-04-13T16:21:28","date_gmt":"2023-04-13T16:21:28","guid":{"rendered":"http:\/\/nabsonglobal.com\/?page_id=2285"},"modified":"2024-08-07T13:43:23","modified_gmt":"2024-08-07T13:43:23","slug":"mensagem-do-presidente","status":"publish","type":"page","link":"https:\/\/nabsonglobal.com\/fr\/message-du-president\/","title":{"rendered":"Message du Pr\u00e9sident"},"content":{"rendered":"<p><div class=\"fusion-fullwidth fullwidth-box fusion-builder-row-1 fusion-flex-container has-pattern-background has-mask-background nonhundred-percent-fullwidth non-hundred-percent-height-scrolling\" style=\"--awb-border-radius-top-left:0px;--awb-border-radius-top-right:0px;--awb-border-radius-bottom-right:0px;--awb-border-radius-bottom-left:0px;--awb-background-color:var(--awb-color5);--awb-flex-wrap:wrap;\" ><div class=\"fusion-builder-row fusion-row fusion-flex-align-items-flex-start fusion-flex-content-wrap\" style=\"max-width:1248px;margin-left: calc(-4% \/ 2 );margin-right: calc(-4% \/ 2 );\"><div class=\"fusion-layout-column fusion_builder_column fusion-builder-column-0 fusion_builder_column_1_1 1_1 fusion-flex-column\" style=\"--awb-bg-size:cover;--awb-width-large:100%;--awb-margin-top-large:90px;--awb-spacing-right-large:1.92%;--awb-margin-bottom-large:90px;--awb-spacing-left-large:1.92%;--awb-width-medium:100%;--awb-order-medium:0;--awb-spacing-right-medium:1.92%;--awb-spacing-left-medium:1.92%;--awb-width-small:100%;--awb-order-small:0;--awb-spacing-right-small:1.92%;--awb-spacing-left-small:1.92%;\"><div class=\"fusion-column-wrapper fusion-column-has-shadow fusion-flex-justify-content-flex-start fusion-content-layout-column\"><div class=\"fusion-title title fusion-title-1 fusion-sep-none fusion-title-center fusion-title-text fusion-title-size-one\" style=\"--awb-text-color:var(--awb-color1);\"><h1 class=\"fusion-title-heading title-heading-center\" style=\"margin:0;\">Message du Pr\u00e9sident<\/h1><\/div><\/div><\/div><\/div><\/div><div class=\"fusion-fullwidth fullwidth-box fusion-builder-row-2 fusion-flex-container fusion-parallax-none nonhundred-percent-fullwidth non-hundred-percent-height-scrolling\" style=\"--awb-background-position:right bottom;--awb-background-position-small:center bottom;--awb-border-radius-top-left:0px;--awb-border-radius-top-right:0px;--awb-border-radius-bottom-right:0px;--awb-border-radius-bottom-left:0px;--awb-padding-top:70px;--awb-padding-bottom:70px;--awb-padding-top-medium:72px;--awb-padding-bottom-medium:72px;--awb-background-color:#ffffff;--awb-background-image:url(&quot;http:\/\/nabsonglobal.com\/wp-content\/uploads\/2023\/04\/bolas-5.png&quot;);--awb-background-image-small:url(&#039;http:\/\/nabsonglobal.com\/wp-content\/uploads\/2023\/04\/bolas-4.png&#039;);--awb-background-size:cover;--awb-background-size-small:contain;--awb-flex-wrap:wrap;\" ><div class=\"fusion-builder-row fusion-row fusion-flex-align-items-stretch fusion-flex-content-wrap\" style=\"max-width:1248px;margin-left: calc(-4% \/ 2 );margin-right: calc(-4% \/ 2 );\"><div class=\"fusion-layout-column fusion_builder_column fusion-builder-column-1 fusion_builder_column_2_3 2_3 fusion-flex-column\" style=\"--awb-bg-size:cover;--awb-width-large:66.666666666667%;--awb-margin-top-large:0px;--awb-spacing-right-large:2.88%;--awb-margin-bottom-large:20px;--awb-spacing-left-large:7.2%;--awb-width-medium:60%;--awb-order-medium:0;--awb-spacing-right-medium:3.2%;--awb-spacing-left-medium:3.2%;--awb-width-small:100%;--awb-order-small:0;--awb-spacing-right-small:1.92%;--awb-spacing-left-small:1.92%;\"><div class=\"fusion-column-wrapper fusion-column-has-shadow fusion-flex-justify-content-center fusion-content-layout-column\"><div class=\"fusion-text fusion-text-1\" style=\"--awb-text-transform:none;--awb-margin-right:5vw;\"><p>La d\u00e9cision de cr\u00e9er Nabson est venue du d\u00e9sir de compenser toutes les difficult\u00e9s que j'ai rencontr\u00e9es lorsque j'ai commenc\u00e9 \u00e0 faire des affaires dans les pays \u00e9mergents. Le temps que j'ai pass\u00e9 principalement en Afrique, \u00e0 chercher des solutions pour que les clients soient satisfaits \u00e0 la perfection, a \u00e9t\u00e9 ma source d'inspiration, d'o\u00f9 j'ai tir\u00e9 les meilleures le\u00e7ons de la vie des affaires.<\/p>\n<p>Amener Nabson et ses filiales l\u00e0 o\u00f9 elles sont aujourd'hui a \u00e9t\u00e9 une aventure personnelle tr\u00e8s intense, mais en m\u00eame temps elle nous a laiss\u00e9s, mon \u00e9quipe et moi, beaucoup plus forts et plus exp\u00e9riment\u00e9s. Car oui, je ne peux pas oublier mon \u00e9quipe, dont je suis tr\u00e8s fi\u00e8re, et sans laquelle rien ne serait jamais arriv\u00e9.<\/p>\n<p>Chez Nabson, nous sommes tous tr\u00e8s proches des valeurs qui ont fait notre succ\u00e8s et nous entendons y rester fid\u00e8les: nous n'oublierons pas d'o\u00f9 nous venons et le chemin que nous avons parcouru. Un chemin d'efforts et de r\u00e9alisations qui nous a valu, ann\u00e9e apr\u00e8s ann\u00e9e, la pr\u00e9f\u00e9rence des acteurs mondiaux, qu'ils soient clients ou fournisseurs.<\/p>\n<p>C'est avec une immense motivation et gratitude que nous nous levons chaque jour pour honorer la confiance que chacun d'entre eux nous a accord\u00e9e.<\/p>\n<\/div><div class=\"fusion-separator fusion-no-large-visibility fusion-full-width-sep\" style=\"align-self: center;margin-left: auto;margin-right: auto;margin-bottom:48px;width:100%;\"><div class=\"fusion-separator-border sep-double\" style=\"--awb-height:20px;--awb-amount:20px;border-color:var(--awb-color3);border-top-width:1px;border-bottom-width:1px;\"><\/div><\/div><div class=\"fusion-title title fusion-title-2 fusion-sep-none fusion-title-text fusion-title-size-five\"><h5 class=\"fusion-title-heading title-heading-left\" style=\"margin:0;\">Nabil Choukeir<\/h5><\/div><div class=\"fusion-text fusion-text-2\" style=\"--awb-margin-top:-20px;\"><p>Directeur g\u00e9n\u00e9ral<\/p>\n<\/div><\/div><\/div><div class=\"fusion-layout-column fusion_builder_column fusion-builder-column-2 fusion_builder_column_1_3 1_3 fusion-flex-column\" style=\"--awb-bg-size:cover;--awb-width-large:33.333333333333%;--awb-margin-top-large:0px;--awb-spacing-right-large:5.76%;--awb-margin-bottom-large:20px;--awb-spacing-left-large:0%;--awb-width-medium:40%;--awb-order-medium:0;--awb-spacing-right-medium:4.8%;--awb-spacing-left-medium:4.8%;--awb-width-small:100%;--awb-order-small:0;--awb-spacing-right-small:1.92%;--awb-spacing-left-small:1.92%;\"><div class=\"fusion-column-wrapper fusion-column-has-shadow fusion-flex-justify-content-flex-start fusion-content-layout-column\"><div class=\"fusion-image-element\" style=\"--awb-caption-title-font-family:var(--h2_typography-font-family);--awb-caption-title-font-weight:var(--h2_typography-font-weight);--awb-caption-title-font-style:var(--h2_typography-font-style);--awb-caption-title-size:var(--h2_typography-font-size);--awb-caption-title-transform:var(--h2_typography-text-transform);--awb-caption-title-line-height:var(--h2_typography-line-height);--awb-caption-title-letter-spacing:var(--h2_typography-letter-spacing);\"><span class=\"fusion-imageframe imageframe-none imageframe-1 hover-type-none\" style=\"border-radius:10px;\"><img width=\"654\" height=\"856\" title=\"Nabil 1\" src=\"http:\/\/nabsonglobal.com\/wp-content\/uploads\/2023\/11\/Nabil-1.jpg\" alt class=\"img-responsive wp-image-2459\" srcset=\"https:\/\/nabsonglobal.com\/wp-content\/uploads\/2023\/11\/Nabil-1-200x262.jpg 200w, https:\/\/nabsonglobal.com\/wp-content\/uploads\/2023\/11\/Nabil-1-400x524.jpg 400w, https:\/\/nabsonglobal.com\/wp-content\/uploads\/2023\/11\/Nabil-1-600x785.jpg 600w, https:\/\/nabsonglobal.com\/wp-content\/uploads\/2023\/11\/Nabil-1.jpg 654w\" sizes=\"(max-width: 640px) 100vw, 400px\" \/><\/span><\/div><\/div><\/div><\/div><\/div><\/p>","protected":false},"excerpt":{"rendered":"","protected":false},"author":1,"featured_media":0,"parent":0,"menu_order":0,"comment_status":"closed","ping_status":"closed","template":"100-width.php","meta":[],"_links":{"self":[{"href":"https:\/\/nabsonglobal.com\/fr\/wp-json\/wp\/v2\/pages\/2285"}],"collection":[{"href":"https:\/\/nabsonglobal.com\/fr\/wp-json\/wp\/v2\/pages"}],"about":[{"href":"https:\/\/nabsonglobal.com\/fr\/wp-json\/wp\/v2\/types\/page"}],"author":[{"embeddable":true,"href":"https:\/\/nabsonglobal.com\/fr\/wp-json\/wp\/v2\/users\/1"}],"replies":[{"embeddable":true,"href":"https:\/\/nabsonglobal.com\/fr\/wp-json\/wp\/v2\/comments?post=2285"}],"version-history":[{"count":11,"href":"https:\/\/nabsonglobal.com\/fr\/wp-json\/wp\/v2\/pages\/2285\/revisions"}],"predecessor-version":[{"id":2704,"href":"https:\/\/nabsonglobal.com\/fr\/wp-json\/wp\/v2\/pages\/2285\/revisions\/2704"}],"wp:attachment":[{"href":"https:\/\/nabsonglobal.com\/fr\/wp-json\/wp\/v2\/media?parent=2285"}],"curies":[{"name":"wp","href":"https:\/\/api.w.org\/{rel}","templated":true}]}}